{"id":13,"date":"2020-02-14T12:20:33","date_gmt":"2020-02-14T11:20:33","guid":{"rendered":"https:\/\/www3.kaiserslautern.de\/gaco\/?page_id=13"},"modified":"2020-02-17T10:53:46","modified_gmt":"2020-02-17T09:53:46","slug":"standort","status":"publish","type":"page","link":"https:\/\/www3.kaiserslautern.de\/gaco\/standort\/","title":{"rendered":"Standort"},"content":{"rendered":"<p>&nbsp;<\/p>\n<h1>So finden Sie uns<\/h1>\n<p><a href=\"https:\/\/www3.kaiserslautern.de\/gaco\/wp-content\/uploads\/2020\/02\/map.jpg\"><img decoding=\"async\" loading=\"lazy\" class=\"alignright wp-image-22\" src=\"https:\/\/www3.kaiserslautern.de\/gaco\/wp-content\/uploads\/2020\/02\/map-300x209.jpg\" alt=\"\" width=\"250\" height=\"174\" srcset=\"https:\/\/www3.kaiserslautern.de\/gaco\/wp-content\/uploads\/2020\/02\/map-300x209.jpg 300w, https:\/\/www3.kaiserslautern.de\/gaco\/wp-content\/uploads\/2020\/02\/map-768x536.jpg 768w, https:\/\/www3.kaiserslautern.de\/gaco\/wp-content\/uploads\/2020\/02\/map.jpg 1024w\" sizes=\"(max-width: 250px) 100vw, 250px\" \/><\/a><\/p>\n<ul>\n<li>Busverbindung im 15-Minuten-Takt<\/li>\n<li>KL Kleber Kaserne:<br \/>\nLinie 101 bis Rathaus.<br \/>\nAnsonsten mit jeder anderen Linie der TWK bis Haltestelle Rathaus.<\/li>\n<li>KL Hauptbahnhof:<br \/>\nLinie 102 bis Benzinoring<\/li>\n<li>KL Vogelweh:<br \/>\nLinie 102 bis Fruchthallstra\u00dfe<\/li>\n<li>Eingeschr\u00e4nkte Parkm\u00f6glichkeiten am DABB<\/li>\n<\/ul>\n<p>&nbsp;<\/p>\n<div style=\"clear: both;\"><\/div>\n<div><\/div>\n<h1><span style=\"color: #808080;\">How to find us<\/span><\/h1>\n<p><a href=\"https:\/\/www3.kaiserslautern.de\/gaco\/wp-content\/uploads\/2020\/02\/map.jpg\"><img decoding=\"async\" loading=\"lazy\" class=\"alignright wp-image-22\" src=\"https:\/\/www3.kaiserslautern.de\/gaco\/wp-content\/uploads\/2020\/02\/map-300x209.jpg\" alt=\"\" width=\"250\" height=\"174\" srcset=\"https:\/\/www3.kaiserslautern.de\/gaco\/wp-content\/uploads\/2020\/02\/map-300x209.jpg 300w, https:\/\/www3.kaiserslautern.de\/gaco\/wp-content\/uploads\/2020\/02\/map-768x536.jpg 768w, https:\/\/www3.kaiserslautern.de\/gaco\/wp-content\/uploads\/2020\/02\/map.jpg 1024w\" sizes=\"(max-width: 250px) 100vw, 250px\" \/><\/a><\/p>\n<ul>\n<li><strong><span style=\"color: #808080;\">Bus connection every 15 min <\/span><\/strong><\/li>\n<li><span style=\"color: #808080;\"> KL central train station:<br \/>\nline 102 to Benzinoring <\/span><\/li>\n<li><span style=\"color: #808080;\">KL Vogelweh:<br \/>\nline 101 to Kaufhalle <\/span><\/li>\n<li><span style=\"color: #808080;\">KL Kleber Kaserne:<br \/>\nline 101 to \u201cRathaus\u201d stop<br \/>\nAdditionally, take any other TWK bus line to the \u201cRathaus\u201d stop <\/span><\/li>\n<li><span style=\"color: #808080;\">Limited parking available at the GACO<\/span><\/li>\n<\/ul>\n<p>&nbsp;<\/p>\n","protected":false},"excerpt":{"rendered":"<p>&nbsp; So finden Sie uns Busverbindung im 15-Minuten-Takt KL Kleber Kaserne: Linie 101 bis Rathaus. Ansonsten mit jeder anderen Linie der TWK bis Haltestelle Rathaus. KL Hauptbahnhof: Linie 102 bis Benzinoring KL Vogelweh: Linie 102 bis Fruchthallstra\u00dfe Eingeschr\u00e4nkte Parkm\u00f6glichkeiten am DABB &nbsp; How to find us Bus connection every 15 min KL central train station: [&hellip;]<\/p>\n","protected":false},"author":1,"featured_media":0,"parent":0,"menu_order":0,"comment_status":"closed","ping_status":"closed","template":"","meta":[],"_links":{"self":[{"href":"https:\/\/www3.kaiserslautern.de\/gaco\/wp-json\/wp\/v2\/pages\/13"}],"collection":[{"href":"https:\/\/www3.kaiserslautern.de\/gaco\/wp-json\/wp\/v2\/pages"}],"about":[{"href":"https:\/\/www3.kaiserslautern.de\/gaco\/wp-json\/wp\/v2\/types\/page"}],"author":[{"embeddable":true,"href":"https:\/\/www3.kaiserslautern.de\/gaco\/wp-json\/wp\/v2\/users\/1"}],"replies":[{"embeddable":true,"href":"https:\/\/www3.kaiserslautern.de\/gaco\/wp-json\/wp\/v2\/comments?post=13"}],"version-history":[{"count":8,"href":"https:\/\/www3.kaiserslautern.de\/gaco\/wp-json\/wp\/v2\/pages\/13\/revisions"}],"predecessor-version":[{"id":30,"href":"https:\/\/www3.kaiserslautern.de\/gaco\/wp-json\/wp\/v2\/pages\/13\/revisions\/30"}],"wp:attachment":[{"href":"https:\/\/www3.kaiserslautern.de\/gaco\/wp-json\/wp\/v2\/media?parent=13"}],"curies":[{"name":"wp","href":"https:\/\/api.w.org\/{rel}","templated":true}]}}