{"id":42,"date":"2020-02-17T11:21:26","date_gmt":"2020-02-17T10:21:26","guid":{"rendered":"https:\/\/www3.kaiserslautern.de\/gaco\/?page_id=42"},"modified":"2025-12-03T11:15:53","modified_gmt":"2025-12-03T10:15:53","slug":"startseite","status":"publish","type":"page","link":"https:\/\/www3.kaiserslautern.de\/gaco\/","title":{"rendered":"Startseite"},"content":{"rendered":"<h3><strong>Zurzeit nur nach vorheriger Terminvereinbarung\/ Currently only by appointment<\/strong><\/h3>\n<h2>Unsere Dienstleistungen:<\/h2>\n<ul type=\"disc\">\n<li>Mehrsprachige Mitarbeiter<\/li>\n<li>Hilfestellung bei Verst\u00e4ndigungsproblemen<\/li>\n<li>Orientierungsveranstaltungen f\u00fcr neuangekommene Angeh\u00f6rige der Streitkr\u00e4fte (Integration beziehungsweise Eingliederung in deutsche Gemeinden)<\/li>\n<li>Beratung bei \u00c4nderungen des Aufenthaltstitels<\/li>\n<li>Hilfe bei Verwaltungsangelegenheiten (z.B. Unterst\u00fctzung bei Beh\u00f6rdeng\u00e4ngen, Visafragen, etc.)<\/li>\n<li>Foerderung deutsch-amerikanischer Beziehungen kultureller Art<\/li>\n<li>Informationen \u00fcber Vorgaben und Richtlinien des Gastlandes (z.B. M\u00fclltrennung, Stra\u00dfenverkehrsordnung, Tierhaltung, etc.)<\/li>\n<li>Unterst\u00fctzung bei der Suche nach speziellen Produkten<\/li>\n<li>Planung und Durchf\u00fchrung von verschiedenen Veranstaltungen im Laufe des Jahres<\/li>\n<li>Unterst\u00fctzung f\u00fcr deutsche und B\u00fcrger anderer Nationalit\u00e4t bei US-relevanten Themen<\/li>\n<li>Vorstellung von deutsch-amerikanischen Einrichtungen und Clubs<\/li>\n<li>Herstellen von Kontakten auf offizieller Ebene<\/li>\n<li>Angebot an Informationsmaterial in englischer Sprache<\/li>\n<\/ul>\n<h2><span style=\"color: #808080;\">Our Services:<\/span><\/h2>\n<ul type=\"disc\">\n<li><span style=\"color: #808080;\">English-speaking staff<\/span><\/li>\n<li><span style=\"color: #808080;\">Linguistic support<\/span><\/li>\n<li><span style=\"color: #808080;\">Newcomers\u2019 Orientation (integration and acclimation in German communities)<\/span><\/li>\n<li><span style=\"color: #808080;\">Assistance with change of status<\/span><\/li>\n<li><span style=\"color: #808080;\">Handling of administrative issues (e.g. assistance with German authorities, visa questions, etc.)<\/span><\/li>\n<li><span style=\"color: #808080;\">Fostering German-American cultural relations<\/span><\/li>\n<li><span style=\"color: #808080;\">Information on host nation policies and regulations (e.g. recycling, driving regulations, pet policies, etc.)<\/span><\/li>\n<li><span style=\"color: #808080;\">Assistance in locating special interest items<\/span><\/li>\n<li><span style=\"color: #808080;\">Hosting of special events throughout the year<\/span><\/li>\n<li><span style=\"color: #808080;\">Assistance for Germans and other nationalities with U.S.-related topics<\/span><\/li>\n<li><span style=\"color: #808080;\">Referral to German-American institutions and clubs<\/span><\/li>\n<li><span style=\"color: #808080;\">Facilitating\/establishing official and family contacts<\/span><\/li>\n<li><span style=\"color: #808080;\">Availability of information brochures in English<\/span><\/li>\n<\/ul>\n<p>&nbsp;<\/p>\n<hr \/>\n<p><strong>Veranstaltungs-Highlight:<\/strong><\/p>\n<h2>Weihnachtskonzert der U.S.-Luftstreitkr\u00e4fte in der Fruchthalle Kaiserslautern (ausverkauft \/ sold out)<\/h2>\n<p>Das traditionelle Weihnachtskonzert der U.S. Air Forces in Europe Band findet auch in diesem Jahr wieder in der Fruchthalle Kaiserslautern statt. Aufgrund der gro\u00dfen Nachfrage in den vergangenen Jahren wurde das Angebot erweitert: Neben dem urspr\u00fcnglichen Konzert am 12. Dezember 2025, wird es auch am 13. Dezember 2025, jeweils um 19:30 Uhr, eine identische Auff\u00fchrung geben.<\/p>\n<p>&nbsp;<\/p>\n<p>Keine Tickets mehr erh\u00e4ltlich.<\/p>\n<p>&nbsp;<\/p>\n<p>&nbsp;<\/p>\n<p><strong><span style=\"color: #808080;\">Event Highlight:<\/span><\/strong><\/p>\n<h2 style=\"color: #808080;\">Christmas Concert of the U.S. Air Forces in Europe Band at the Fruchthalle Kaiserslautern \u2013 Two Concerts Due to High Demand<\/h2>\n<p><span style=\"color: #808080;\">The traditional Christmas concert of the U.S. Air Forces in Europe Band will once again take place this year at the Fruchthalle Kaiserslautern. Due to high demand in previous years, the event has been expanded: In addition to the original concert on December 12, 2025, there will also be an identical performance on December 13, 2025, both starting at 7:30 PM.<\/span><\/p>\n<p>&nbsp;<\/p>\n<p><span style=\"color: #808080;\">No more tickets available.<\/span><\/p>\n<p>&nbsp;<\/p>\n","protected":false},"excerpt":{"rendered":"<p>Zurzeit nur nach vorheriger Terminvereinbarung\/ Currently only by appointment Unsere Dienstleistungen: Mehrsprachige Mitarbeiter Hilfestellung bei Verst\u00e4ndigungsproblemen Orientierungsveranstaltungen f\u00fcr neuangekommene Angeh\u00f6rige der Streitkr\u00e4fte (Integration beziehungsweise Eingliederung in deutsche Gemeinden) Beratung bei \u00c4nderungen des Aufenthaltstitels Hilfe bei Verwaltungsangelegenheiten (z.B. Unterst\u00fctzung bei Beh\u00f6rdeng\u00e4ngen, Visafragen, etc.) Foerderung deutsch-amerikanischer Beziehungen kultureller Art Informationen \u00fcber Vorgaben und Richtlinien des Gastlandes (z.B. [&hellip;]<\/p>\n","protected":false},"author":1,"featured_media":0,"parent":0,"menu_order":0,"comment_status":"closed","ping_status":"closed","template":"","meta":[],"_links":{"self":[{"href":"https:\/\/www3.kaiserslautern.de\/gaco\/wp-json\/wp\/v2\/pages\/42"}],"collection":[{"href":"https:\/\/www3.kaiserslautern.de\/gaco\/wp-json\/wp\/v2\/pages"}],"about":[{"href":"https:\/\/www3.kaiserslautern.de\/gaco\/wp-json\/wp\/v2\/types\/page"}],"author":[{"embeddable":true,"href":"https:\/\/www3.kaiserslautern.de\/gaco\/wp-json\/wp\/v2\/users\/1"}],"replies":[{"embeddable":true,"href":"https:\/\/www3.kaiserslautern.de\/gaco\/wp-json\/wp\/v2\/comments?post=42"}],"version-history":[{"count":27,"href":"https:\/\/www3.kaiserslautern.de\/gaco\/wp-json\/wp\/v2\/pages\/42\/revisions"}],"predecessor-version":[{"id":605,"href":"https:\/\/www3.kaiserslautern.de\/gaco\/wp-json\/wp\/v2\/pages\/42\/revisions\/605"}],"wp:attachment":[{"href":"https:\/\/www3.kaiserslautern.de\/gaco\/wp-json\/wp\/v2\/media?parent=42"}],"curies":[{"name":"wp","href":"https:\/\/api.w.org\/{rel}","templated":true}]}}